{"id":15,"date":"2024-12-17T10:13:28","date_gmt":"2024-12-17T09:13:28","guid":{"rendered":"https:\/\/decker.andreas-liesegang.de\/?page_id=15"},"modified":"2024-12-17T12:53:54","modified_gmt":"2024-12-17T11:53:54","slug":"baumkontrolle","status":"publish","type":"page","link":"https:\/\/decker.andreas-liesegang.de\/","title":{"rendered":"Baumkontrolle"},"content":{"rendered":"\n<p class=\"has-text-align-center\"><strong>Baumkontrolle Goldene Aue<br>Manuel Decker<\/strong><br>FLL-zertifizierter Baumkontrolleur<br>OT Uthleben<br>Steinbr\u00fccker Weg 2<br>99765 Heringen\/Helme<br><\/p>\n\n\n\n<p><\/p>\n\n\n\n<p>Wir bieten eine unabh\u00e4ngige Baumkontrolle mit einem fachlich fundiertem Nachweis zur Verkehrssicherung, um Haftungsanspr\u00fcche abzuwehren.<\/p>\n\n\n\n<ul class=\"wp-block-list\">\n<li>Beurteilung der Vitalit\u00e4t von Geh\u00f6lzen<\/li>\n\n\n\n<li>Beurteilung der Verkehrssicherheit, insbesondere von Bruch- und Standsicherheit<\/li>\n\n\n\n<li>Ermittlung von Ma\u00dfnahmen zur Erhaltung und Wiederherstellung der Verkehrssicherheit<\/li>\n\n\n\n<li>Ermittlung von Pflegebedarf bei Jungb\u00e4umen<\/li>\n\n\n\n<li>Beurteilung erfolgter Baumpflegema\u00dfnahmen &#8211; Qualit\u00e4tsmanagement<\/li>\n\n\n\n<li>visuelle Baumbeaurteilung und Baumkontrollbericht laut DIN EN 15567<\/li>\n<\/ul>\n\n\n\n<p><\/p>\n\n\n\n<blockquote class=\"wp-block-quote is-layout-flow wp-block-quote-is-layout-flow\">\n<p>Mit der Baumkontrolle werden alle relevanten B\u00e4ume auf aktuelle gefahren gepr\u00fcft und geeignete Ma\u00dfnahmen beschrieben.<br>Zu kontrollieren sind B\u00e4ume mit einer Sicherheitserwartung, insbesondere an Stra\u00dfen, Wegen, Pl\u00e4tzen, Wohnanalagen, Spiel- und Sportanlagen, in gr\u00fcn-, Freizeit- und Erholungsanlagen, auf Friedh\u00f6fen, an Kinderg\u00e4rten, an Kindertagesst\u00e4tten und Schulen.<\/p>\n<\/blockquote>\n\n\n\n<blockquote class=\"wp-block-quote is-layout-flow wp-block-quote-is-layout-flow\">\n<p>F\u00fcr den Zustand von B\u00e4umen sind die Eigent\u00fcmer bzw. deren Beauftragte verantwortlich. Dies betrifft schon die Privatperson mit einem kleinen Grundst\u00fcck, um so mehr \u00f6ffentliche Einrichtungen und Gesellschaften, vom Krankenhaus bis zur Wohnungsgesellschaft.<\/p>\n<\/blockquote>\n\n\n\n<p><\/p>\n","protected":false},"excerpt":{"rendered":"<p>Baumkontrolle Goldene AueManuel DeckerFLL-zertifizierter BaumkontrolleurOT UthlebenSteinbr\u00fccker Weg 299765 Heringen\/Helme Wir bieten eine unabh\u00e4ngige Baumkontrolle mit einem fachlich fundiertem Nachweis zur Verkehrssicherung, um Haftungsanspr\u00fcche abzuwehren. Mit der Baumkontrolle werden alle relevanten B\u00e4ume auf aktuelle gefahren gepr\u00fcft und geeignete Ma\u00dfnahmen beschrieben.Zu kontrollieren sind B\u00e4ume mit einer Sicherheitserwartung, insbesondere an Stra\u00dfen, Wegen, Pl\u00e4tzen, Wohnanalagen, Spiel- und Sportanlagen, in gr\u00fcn-, Freizeit- und Erholungsanlagen, auf [&hellip;]<\/p>\n","protected":false},"author":1,"featured_media":0,"parent":0,"menu_order":0,"comment_status":"closed","ping_status":"closed","template":"","meta":{"footnotes":""},"class_list":["post-15","page","type-page","status-publish","hentry"],"_links":{"self":[{"href":"https:\/\/decker.andreas-liesegang.de\/index.php?rest_route=\/wp\/v2\/pages\/15","targetHints":{"allow":["GET"]}}],"collection":[{"href":"https:\/\/decker.andreas-liesegang.de\/index.php?rest_route=\/wp\/v2\/pages"}],"about":[{"href":"https:\/\/decker.andreas-liesegang.de\/index.php?rest_route=\/wp\/v2\/types\/page"}],"author":[{"embeddable":true,"href":"https:\/\/decker.andreas-liesegang.de\/index.php?rest_route=\/wp\/v2\/users\/1"}],"replies":[{"embeddable":true,"href":"https:\/\/decker.andreas-liesegang.de\/index.php?rest_route=%2Fwp%2Fv2%2Fcomments&post=15"}],"version-history":[{"count":5,"href":"https:\/\/decker.andreas-liesegang.de\/index.php?rest_route=\/wp\/v2\/pages\/15\/revisions"}],"predecessor-version":[{"id":27,"href":"https:\/\/decker.andreas-liesegang.de\/index.php?rest_route=\/wp\/v2\/pages\/15\/revisions\/27"}],"wp:attachment":[{"href":"https:\/\/decker.andreas-liesegang.de\/index.php?rest_route=%2Fwp%2Fv2%2Fmedia&parent=15"}],"curies":[{"name":"wp","href":"https:\/\/api.w.org\/{rel}","templated":true}]}}