{"id":28,"date":"2024-12-17T13:01:48","date_gmt":"2024-12-17T12:01:48","guid":{"rendered":"https:\/\/decker.andreas-liesegang.de\/?page_id=28"},"modified":"2024-12-17T13:01:48","modified_gmt":"2024-12-17T12:01:48","slug":"baumkataster","status":"publish","type":"page","link":"https:\/\/decker.andreas-liesegang.de\/?page_id=28","title":{"rendered":"Baumkataster"},"content":{"rendered":"\n<p class=\"has-text-align-center\"><strong>Baumkontrolle Goldene Aue<br>Manuel Decker<\/strong><br>FLL-zertifizierter Baumkontrolleur<br>OT Uthleben<br>Steinbr\u00fccker Weg 2<br>99765 Heringen\/Helme<\/p>\n\n\n\n<p>Ich pr\u00fcfe ihren Baumbestand auf Verkehrssicherheit und richte hierf\u00fcr ein Baumkataster ein. die von mir getroffenen Einsch\u00e4tzungen zur Verkehrssicherheit werden von meiner Haftpflicht gesichert. Wenn Sie Interesse an einer qualifizierten Baumkontrolle durch mich haben, kontaktieren Sie mich einfach. ich werde mich pers\u00f6nlich bei Ihnen melden.<\/p>\n\n\n\n<ul class=\"wp-block-list\">\n<li>Erfassung aller relevanten B\u00e4ume mit ihren individuelle Eigenschaften<\/li>\n\n\n\n<li>Speicherung und Verarbeitung aller Daten<\/li>\n\n\n\n<li>Kartierung der Einzelb\u00e4ume<\/li>\n\n\n\n<li>Management von Baumpflege und Baumkontrolle<\/li>\n<\/ul>\n\n\n\n<blockquote class=\"wp-block-quote is-layout-flow wp-block-quote-is-layout-flow\">\n<p>Ein Baumkataster dient der effizienten Verwaltung eines Baumbestandes. Insbesondere bei gr\u00f6\u00dferen Grundst\u00fccken, Wohnanalgen, in \u00f6ffentlichen Parks oder an Stra\u00dfen ist ein Baumkatatster notwendig, um eine reibungslose Zusammenarbeit zwischen Baumkontrolle und Baumpflege sicherzustellen.<\/p>\n<\/blockquote>\n","protected":false},"excerpt":{"rendered":"<p>Baumkontrolle Goldene AueManuel DeckerFLL-zertifizierter BaumkontrolleurOT UthlebenSteinbr\u00fccker Weg 299765 Heringen\/Helme Ich pr\u00fcfe ihren Baumbestand auf Verkehrssicherheit und richte hierf\u00fcr ein Baumkataster ein. die von mir getroffenen Einsch\u00e4tzungen zur Verkehrssicherheit werden von meiner Haftpflicht gesichert. Wenn Sie Interesse an einer qualifizierten Baumkontrolle durch mich haben, kontaktieren Sie mich einfach. ich werde mich pers\u00f6nlich bei Ihnen melden. Ein Baumkataster dient der effizienten Verwaltung [&hellip;]<\/p>\n","protected":false},"author":1,"featured_media":0,"parent":0,"menu_order":0,"comment_status":"closed","ping_status":"closed","template":"","meta":{"footnotes":""},"class_list":["post-28","page","type-page","status-publish","hentry"],"_links":{"self":[{"href":"https:\/\/decker.andreas-liesegang.de\/index.php?rest_route=\/wp\/v2\/pages\/28","targetHints":{"allow":["GET"]}}],"collection":[{"href":"https:\/\/decker.andreas-liesegang.de\/index.php?rest_route=\/wp\/v2\/pages"}],"about":[{"href":"https:\/\/decker.andreas-liesegang.de\/index.php?rest_route=\/wp\/v2\/types\/page"}],"author":[{"embeddable":true,"href":"https:\/\/decker.andreas-liesegang.de\/index.php?rest_route=\/wp\/v2\/users\/1"}],"replies":[{"embeddable":true,"href":"https:\/\/decker.andreas-liesegang.de\/index.php?rest_route=%2Fwp%2Fv2%2Fcomments&post=28"}],"version-history":[{"count":1,"href":"https:\/\/decker.andreas-liesegang.de\/index.php?rest_route=\/wp\/v2\/pages\/28\/revisions"}],"predecessor-version":[{"id":29,"href":"https:\/\/decker.andreas-liesegang.de\/index.php?rest_route=\/wp\/v2\/pages\/28\/revisions\/29"}],"wp:attachment":[{"href":"https:\/\/decker.andreas-liesegang.de\/index.php?rest_route=%2Fwp%2Fv2%2Fmedia&parent=28"}],"curies":[{"name":"wp","href":"https:\/\/api.w.org\/{rel}","templated":true}]}}